{"id":238,"date":"2024-06-05T20:20:08","date_gmt":"2024-06-05T18:20:08","guid":{"rendered":"https:\/\/cranesystems-zimmermann.de\/?page_id=238"},"modified":"2024-11-17T20:18:21","modified_gmt":"2024-11-17T19:18:21","slug":"produkte","status":"publish","type":"page","link":"https:\/\/cranesystems-zimmermann.de\/de\/produkte\/","title":{"rendered":"Produkte"},"content":{"rendered":"<p><div class=\"fusion-fullwidth fullwidth-box fusion-builder-row-1 fusion-flex-container has-pattern-background has-mask-background nonhundred-percent-fullwidth non-hundred-percent-height-scrolling\" style=\"--awb-border-radius-top-left:0px;--awb-border-radius-top-right:0px;--awb-border-radius-bottom-right:0px;--awb-border-radius-bottom-left:0px;--awb-padding-right:160px;--awb-padding-left:160px;--awb-padding-right-small:50px;--awb-padding-left-small:50px;--awb-margin-top:50px;--awb-flex-wrap:wrap;\" ><div class=\"fusion-builder-row fusion-row fusion-flex-align-items-flex-start fusion-flex-content-wrap\" style=\"max-width:1248px;margin-left: calc(-4% \/ 2 );margin-right: calc(-4% \/ 2 );\"><div class=\"fusion-layout-column fusion_builder_column fusion-builder-column-0 fusion_builder_column_3_4 3_4 fusion-flex-column\" style=\"--awb-bg-size:cover;--awb-width-large:75%;--awb-margin-top-large:0px;--awb-spacing-right-large:2.56%;--awb-margin-bottom-large:20px;--awb-spacing-left-large:2.56%;--awb-width-medium:75%;--awb-order-medium:0;--awb-spacing-right-medium:2.56%;--awb-spacing-left-medium:2.56%;--awb-width-small:100%;--awb-order-small:0;--awb-spacing-right-small:1.92%;--awb-spacing-left-small:1.92%;\"><div class=\"fusion-column-wrapper fusion-column-has-shadow fusion-flex-justify-content-flex-start fusion-content-layout-column\"><div class=\"fusion-text fusion-text-1\" style=\"--awb-font-size:20px;\"><p class=\"p1\">Unter Hebezeug versteht man Elektroseilz\u00fcge zum Heben und Senken von freibeweglichen und gef\u00fchrten Lasten. Ein Elektromotor erzeugt dabei mit Hilfe von Seilrollen, nach dem Prinzip des Flaschenzuges, die Hub-Bewegung. Elektroseilz\u00fcge k\u00f6nnen schwerer, schneller und h\u00f6her heben als andere Formen der Hebetechnik.<\/p>\n<\/div><\/div><\/div><\/div><\/div><div class=\"fusion-fullwidth fullwidth-box fusion-builder-row-2 fusion-flex-container has-pattern-background has-mask-background nonhundred-percent-fullwidth non-hundred-percent-height-scrolling\" style=\"--awb-border-radius-top-left:0px;--awb-border-radius-top-right:0px;--awb-border-radius-bottom-right:0px;--awb-border-radius-bottom-left:0px;--awb-margin-top:80px;--awb-flex-wrap:wrap;\" ><div class=\"fusion-builder-row fusion-row fusion-flex-align-items-flex-start fusion-flex-content-wrap\" style=\"max-width:1248px;margin-left: calc(-4% \/ 2 );margin-right: calc(-4% \/ 2 );\"><div class=\"fusion-layout-column fusion_builder_column fusion-builder-column-1 fusion_builder_column_1_1 1_1 fusion-flex-column\" style=\"--awb-bg-size:cover;--awb-width-large:100%;--awb-margin-top-large:0px;--awb-spacing-right-large:1.92%;--awb-margin-bottom-large:20px;--awb-spacing-left-large:1.92%;--awb-width-medium:100%;--awb-order-medium:0;--awb-spacing-right-medium:1.92%;--awb-spacing-left-medium:1.92%;--awb-width-small:100%;--awb-order-small:0;--awb-spacing-right-small:1.92%;--awb-spacing-left-small:1.92%;\"><div class=\"fusion-column-wrapper fusion-column-has-shadow fusion-flex-justify-content-flex-start fusion-content-layout-column\"><div class=\"fusion-title title fusion-title-1 fusion-sep-none fusion-title-center fusion-title-text fusion-title-size-two\"><h2 class=\"fusion-title-heading title-heading-center fusion-responsive-typography-calculated\" style=\"margin:0;--fontSize:48;line-height:var(--awb-typography1-line-height);\">Unsere Produktkategorien<\/h2><\/div><\/div><\/div><\/div><\/div><div class=\"fusion-fullwidth fullwidth-box fusion-builder-row-3 fusion-flex-container has-pattern-background has-mask-background nonhundred-percent-fullwidth non-hundred-percent-height-scrolling\" style=\"--awb-border-radius-top-left:0px;--awb-border-radius-top-right:0px;--awb-border-radius-bottom-right:0px;--awb-border-radius-bottom-left:0px;--awb-padding-right:160px;--awb-padding-left:160px;--awb-padding-right-small:50px;--awb-padding-left-small:50px;--awb-flex-wrap:wrap;\" ><div class=\"fusion-builder-row fusion-row fusion-flex-align-items-stretch fusion-flex-justify-content-center fusion-flex-content-wrap\" style=\"max-width:1248px;margin-left: calc(-4% \/ 2 );margin-right: calc(-4% \/ 2 );\"><div class=\"fusion-layout-column fusion_builder_column fusion-builder-column-2 fusion_builder_column_1_2 1_2 fusion-flex-column\" style=\"--awb-padding-top:30px;--awb-padding-right:30px;--awb-padding-bottom:30px;--awb-padding-left:30px;--awb-overflow:hidden;--awb-bg-color:var(--awb-color4);--awb-bg-color-hover:var(--awb-color4);--awb-bg-image:radial-gradient(circle at center center, var(--awb-color1) 0%,var(--awb-color4) 100%);--awb-bg-size:cover;--awb-border-radius:15px 15px 15px 15px;--awb-transform:scaleX(0.98) scaleY(0.98);--awb-transform-hover:scaleX(1) scaleY(1);--awb-width-large:50%;--awb-margin-top-large:0px;--awb-spacing-right-large:3.84%;--awb-margin-bottom-large:20px;--awb-spacing-left-large:3.84%;--awb-width-medium:50%;--awb-order-medium:0;--awb-spacing-right-medium:3.84%;--awb-spacing-left-medium:3.84%;--awb-width-small:100%;--awb-order-small:0;--awb-spacing-right-small:1.92%;--awb-spacing-left-small:1.92%;\"><div class=\"fusion-column-wrapper fusion-column-has-shadow fusion-flex-justify-content-flex-start fusion-content-layout-column\"><div class=\"fusion-title title fusion-title-2 fusion-sep-none fusion-title-center fusion-title-text fusion-title-size-two\" style=\"--awb-font-size:20px;\"><h2 class=\"fusion-title-heading title-heading-center fusion-responsive-typography-calculated\" style=\"margin:0;font-size:1em;--fontSize:20;--minFontSize:20;line-height:var(--awb-typography1-line-height);\"><a href=\"https:\/\/cranesystems-zimmermann.de\/produkte\/einschienenhebezeug\/\" class=\"awb-custom-text-color awb-custom-text-hover-color\" target=\"_self\">Einschienenhebezeug<\/a><\/h2><\/div><div class=\"fusion-image-element \" style=\"text-align:center;--awb-margin-top:10px;--awb-margin-bottom:10px;--awb-caption-title-font-family:var(--h2_typography-font-family);--awb-caption-title-font-weight:var(--h2_typography-font-weight);--awb-caption-title-font-style:var(--h2_typography-font-style);--awb-caption-title-size:var(--h2_typography-font-size);--awb-caption-title-transform:var(--h2_typography-text-transform);--awb-caption-title-line-height:var(--h2_typography-line-height);--awb-caption-title-letter-spacing:var(--h2_typography-letter-spacing);\"><span class=\" fusion-imageframe imageframe-none imageframe-1 hover-type-none\"><a class=\"fusion-no-lightbox\" href=\"https:\/\/cranesystems-zimmermann.de\/produkte\/einschienenhebezeug\/\" target=\"_self\" aria-label=\"IMG_7352\"><img decoding=\"async\" width=\"200\" height=\"165\" src=\"https:\/\/cranesystems-zimmermann.de\/wp-content\/uploads\/2024\/10\/IMG_7352-200x165.png\" alt class=\"img-responsive wp-image-958\" srcset=\"https:\/\/cranesystems-zimmermann.de\/wp-content\/uploads\/2024\/10\/IMG_7352-200x165.png 200w, https:\/\/cranesystems-zimmermann.de\/wp-content\/uploads\/2024\/10\/IMG_7352-400x331.png 400w, https:\/\/cranesystems-zimmermann.de\/wp-content\/uploads\/2024\/10\/IMG_7352-600x496.png 600w, https:\/\/cranesystems-zimmermann.de\/wp-content\/uploads\/2024\/10\/IMG_7352-800x662.png 800w, https:\/\/cranesystems-zimmermann.de\/wp-content\/uploads\/2024\/10\/IMG_7352.png 898w\" sizes=\"(max-width: 640px) 100vw, 600px\" \/><\/a><\/span><\/div><div style=\"text-align:center;\"><a class=\"fusion-button button-flat fusion-button-default-size button-default fusion-button-default button-1 fusion-button-default-span fusion-button-default-type\" style=\"--button_margin-top:20px;\" target=\"_self\" data-hover=\"text_slide_up\" href=\"https:\/\/cranesystems-zimmermann.de\/produkte\/einschienenhebezeug\/\"><div class=\"awb-button-text-transition  awb-button__hover-content--centered\"><span class=\"fusion-button-text awb-button__text awb-button__text--default\">zur Produktseite<\/span><span class=\"fusion-button-text awb-button__text awb-button__text--default\">zur Produktseite<\/span><\/div><\/a><\/div><\/div><\/div><div class=\"fusion-layout-column fusion_builder_column fusion-builder-column-3 fusion_builder_column_1_2 1_2 fusion-flex-column\" style=\"--awb-padding-top:30px;--awb-padding-right:30px;--awb-padding-bottom:30px;--awb-padding-left:30px;--awb-overflow:hidden;--awb-bg-color:var(--awb-color4);--awb-bg-color-hover:var(--awb-color4);--awb-bg-image:radial-gradient(circle at center center, var(--awb-color1) 0%,var(--awb-color4) 100%);--awb-bg-size:cover;--awb-border-radius:15px 15px 15px 15px;--awb-transform:scaleX(0.98) scaleY(0.98);--awb-transform-hover:scaleX(1) scaleY(1);--awb-width-large:50%;--awb-margin-top-large:0px;--awb-spacing-right-large:3.84%;--awb-margin-bottom-large:20px;--awb-spacing-left-large:3.84%;--awb-width-medium:50%;--awb-order-medium:0;--awb-spacing-right-medium:3.84%;--awb-spacing-left-medium:3.84%;--awb-width-small:100%;--awb-order-small:0;--awb-spacing-right-small:1.92%;--awb-spacing-left-small:1.92%;\"><div class=\"fusion-column-wrapper fusion-column-has-shadow fusion-flex-justify-content-flex-start fusion-content-layout-column\"><div class=\"fusion-title title fusion-title-3 fusion-sep-none fusion-title-center fusion-title-text fusion-title-size-two\" style=\"--awb-font-size:20px;\"><h2 class=\"fusion-title-heading title-heading-center fusion-responsive-typography-calculated\" style=\"margin:0;font-size:1em;--fontSize:20;--minFontSize:20;line-height:var(--awb-typography1-line-height);\"><a href=\"https:\/\/cranesystems-zimmermann.de\/produkte\/zweischienenhebezeug\/\" class=\"awb-custom-text-color awb-custom-text-hover-color\" target=\"_self\">Zweischienenhebezeug<\/a><\/h2><\/div><div class=\"fusion-image-element \" style=\"text-align:center;--awb-margin-top:10px;--awb-caption-title-font-family:var(--h2_typography-font-family);--awb-caption-title-font-weight:var(--h2_typography-font-weight);--awb-caption-title-font-style:var(--h2_typography-font-style);--awb-caption-title-size:var(--h2_typography-font-size);--awb-caption-title-transform:var(--h2_typography-text-transform);--awb-caption-title-line-height:var(--h2_typography-line-height);--awb-caption-title-letter-spacing:var(--h2_typography-letter-spacing);\"><span class=\" fusion-imageframe imageframe-none imageframe-2 hover-type-none\"><a class=\"fusion-no-lightbox\" href=\"https:\/\/cranesystems-zimmermann.de\/produkte\/zweischienenhebezeug\/\" target=\"_self\" aria-label=\"sy.16-avb\"><img decoding=\"async\" width=\"300\" height=\"175\" src=\"https:\/\/cranesystems-zimmermann.de\/wp-content\/uploads\/2024\/06\/sy.16-avb-300x175.png\" alt class=\"img-responsive wp-image-393\" srcset=\"https:\/\/cranesystems-zimmermann.de\/wp-content\/uploads\/2024\/06\/sy.16-avb-200x117.png 200w, https:\/\/cranesystems-zimmermann.de\/wp-content\/uploads\/2024\/06\/sy.16-avb-400x233.png 400w, https:\/\/cranesystems-zimmermann.de\/wp-content\/uploads\/2024\/06\/sy.16-avb.png 600w\" sizes=\"(max-width: 640px) 100vw, 300px\" \/><\/a><\/span><\/div><div style=\"text-align:center;\"><a class=\"fusion-button button-flat fusion-button-default-size button-default fusion-button-default button-2 fusion-button-default-span fusion-button-default-type\" style=\"--button_margin-top:20px;\" target=\"_self\" data-hover=\"text_slide_up\" href=\"https:\/\/cranesystems-zimmermann.de\/produkte\/zweischienenhebezeug\/\"><div class=\"awb-button-text-transition  awb-button__hover-content--centered\"><span class=\"fusion-button-text awb-button__text awb-button__text--default\">zur Produktseite<\/span><span class=\"fusion-button-text awb-button__text awb-button__text--default\">zur Produktseite<\/span><\/div><\/a><\/div><\/div><\/div><div class=\"fusion-layout-column fusion_builder_column fusion-builder-column-4 fusion_builder_column_1_2 1_2 fusion-flex-column\" style=\"--awb-padding-top:30px;--awb-padding-right:30px;--awb-padding-bottom:30px;--awb-padding-left:30px;--awb-overflow:hidden;--awb-bg-color:var(--awb-color4);--awb-bg-color-hover:var(--awb-color4);--awb-bg-image:radial-gradient(circle at center center, var(--awb-color1) 0%,var(--awb-color4) 100%);--awb-bg-size:cover;--awb-border-radius:15px 15px 15px 15px;--awb-transform:scaleX(0.98) scaleY(0.98);--awb-transform-hover:scaleX(1) scaleY(1);--awb-width-large:50%;--awb-margin-top-large:0px;--awb-spacing-right-large:3.84%;--awb-margin-bottom-large:20px;--awb-spacing-left-large:3.84%;--awb-width-medium:50%;--awb-order-medium:0;--awb-spacing-right-medium:3.84%;--awb-spacing-left-medium:3.84%;--awb-width-small:100%;--awb-order-small:0;--awb-spacing-right-small:1.92%;--awb-spacing-left-small:1.92%;\"><div class=\"fusion-column-wrapper fusion-column-has-shadow fusion-flex-justify-content-flex-start fusion-content-layout-column\"><div class=\"fusion-title title fusion-title-4 fusion-sep-none fusion-title-center fusion-title-text fusion-title-size-two\" style=\"--awb-font-size:20px;\"><h2 class=\"fusion-title-heading title-heading-center fusion-responsive-typography-calculated\" style=\"margin:0;font-size:1em;--fontSize:20;--minFontSize:20;line-height:var(--awb-typography1-line-height);\"><a href=\"https:\/\/cranesystems-zimmermann.de\/produkte\/kopftraeger\/\" class=\"awb-custom-text-color awb-custom-text-hover-color\" target=\"_self\">Kopftr\u00e4ger<\/a><\/h2><\/div><div class=\"fusion-image-element \" style=\"text-align:center;--awb-margin-top:60px;--awb-margin-bottom:60px;--awb-caption-title-font-family:var(--h2_typography-font-family);--awb-caption-title-font-weight:var(--h2_typography-font-weight);--awb-caption-title-font-style:var(--h2_typography-font-style);--awb-caption-title-size:var(--h2_typography-font-size);--awb-caption-title-transform:var(--h2_typography-text-transform);--awb-caption-title-line-height:var(--h2_typography-line-height);--awb-caption-title-letter-spacing:var(--h2_typography-letter-spacing);\"><span class=\" fusion-imageframe imageframe-none imageframe-3 hover-type-none\"><a class=\"fusion-no-lightbox\" href=\"https:\/\/cranesystems-zimmermann.de\/produkte\/kopftraeger\/\" target=\"_self\" aria-label=\"Tekli 2098 &#8211; Beyaz\"><img decoding=\"async\" width=\"200\" height=\"51\" src=\"https:\/\/cranesystems-zimmermann.de\/wp-content\/uploads\/2024\/10\/Tekli-2098-Beyaz-1-200x51.png\" alt class=\"img-responsive wp-image-960\" srcset=\"https:\/\/cranesystems-zimmermann.de\/wp-content\/uploads\/2024\/10\/Tekli-2098-Beyaz-1-200x51.png 200w, https:\/\/cranesystems-zimmermann.de\/wp-content\/uploads\/2024\/10\/Tekli-2098-Beyaz-1-400x103.png 400w, https:\/\/cranesystems-zimmermann.de\/wp-content\/uploads\/2024\/10\/Tekli-2098-Beyaz-1-600x154.png 600w, https:\/\/cranesystems-zimmermann.de\/wp-content\/uploads\/2024\/10\/Tekli-2098-Beyaz-1-800x205.png 800w, https:\/\/cranesystems-zimmermann.de\/wp-content\/uploads\/2024\/10\/Tekli-2098-Beyaz-1-1200x308.png 1200w\" sizes=\"(max-width: 640px) 100vw, 600px\" \/><\/a><\/span><\/div><div style=\"text-align:center;\"><a class=\"fusion-button button-flat fusion-button-default-size button-default fusion-button-default button-3 fusion-button-default-span fusion-button-default-type\" style=\"--button_margin-top:20px;\" target=\"_self\" data-hover=\"text_slide_up\" href=\"https:\/\/cranesystems-zimmermann.de\/produkte\/kopftraeger\/\"><div class=\"awb-button-text-transition  awb-button__hover-content--centered\"><span class=\"fusion-button-text awb-button__text awb-button__text--default\">zur Produktseite<\/span><span class=\"fusion-button-text awb-button__text awb-button__text--default\">zur Produktseite<\/span><\/div><\/a><\/div><\/div><\/div><div class=\"fusion-layout-column fusion_builder_column fusion-builder-column-5 fusion_builder_column_1_2 1_2 fusion-flex-column\" style=\"--awb-padding-top:30px;--awb-padding-right:30px;--awb-padding-bottom:30px;--awb-padding-left:30px;--awb-overflow:hidden;--awb-bg-color:var(--awb-color4);--awb-bg-color-hover:var(--awb-color4);--awb-bg-image:radial-gradient(circle at center center, var(--awb-color1) 0%,var(--awb-color4) 100%);--awb-bg-size:cover;--awb-border-radius:15px 15px 15px 15px;--awb-transform:scaleX(0.98) scaleY(0.98);--awb-transform-hover:scaleX(1) scaleY(1);--awb-width-large:50%;--awb-margin-top-large:0px;--awb-spacing-right-large:3.84%;--awb-margin-bottom-large:20px;--awb-spacing-left-large:3.84%;--awb-width-medium:50%;--awb-order-medium:0;--awb-spacing-right-medium:3.84%;--awb-spacing-left-medium:3.84%;--awb-width-small:100%;--awb-order-small:0;--awb-spacing-right-small:1.92%;--awb-spacing-left-small:1.92%;\"><div class=\"fusion-column-wrapper fusion-column-has-shadow fusion-flex-justify-content-flex-start fusion-content-layout-column\"><div class=\"fusion-title title fusion-title-5 fusion-sep-none fusion-title-center fusion-title-text fusion-title-size-two\" style=\"--awb-font-size:20px;\"><h2 class=\"fusion-title-heading title-heading-center fusion-responsive-typography-calculated\" style=\"margin:0;font-size:1em;--fontSize:20;--minFontSize:20;line-height:var(--awb-typography1-line-height);\">Zubeh\u00f6r<\/h2><\/div><div class=\"fusion-image-element \" style=\"text-align:center;--awb-margin-top:20px;--awb-margin-bottom:20px;--awb-caption-title-font-family:var(--h2_typography-font-family);--awb-caption-title-font-weight:var(--h2_typography-font-weight);--awb-caption-title-font-style:var(--h2_typography-font-style);--awb-caption-title-size:var(--h2_typography-font-size);--awb-caption-title-transform:var(--h2_typography-text-transform);--awb-caption-title-line-height:var(--h2_typography-line-height);--awb-caption-title-letter-spacing:var(--h2_typography-letter-spacing);\"><span class=\" fusion-imageframe imageframe-none imageframe-4 hover-type-none\"><img decoding=\"async\" width=\"200\" height=\"128\" title=\"zubheo\u0308r\" src=\"https:\/\/cranesystems-zimmermann.de\/wp-content\/uploads\/2024\/10\/zubheor-200x128.png\" alt class=\"img-responsive wp-image-966\" srcset=\"https:\/\/cranesystems-zimmermann.de\/wp-content\/uploads\/2024\/10\/zubheor-200x128.png 200w, https:\/\/cranesystems-zimmermann.de\/wp-content\/uploads\/2024\/10\/zubheor.png 355w\" sizes=\"(max-width: 640px) 100vw, 200px\" \/><\/span><\/div><div style=\"text-align:center;\"><a class=\"fusion-button button-flat fusion-button-default-size button-default fusion-button-default button-4 fusion-button-default-span fusion-button-default-type\" style=\"--button_margin-top:20px;\" target=\"_self\" data-hover=\"text_slide_up\"><div class=\"awb-button-text-transition  awb-button__hover-content--centered\"><span class=\"fusion-button-text awb-button__text awb-button__text--default\">zur Produktseite<\/span><span class=\"fusion-button-text awb-button__text awb-button__text--default\">zur Produktseite<\/span><\/div><\/a><\/div><\/div><\/div><\/div><\/div><div class=\"fusion-fullwidth fullwidth-box fusion-builder-row-4 fusion-flex-container has-pattern-background has-mask-background hundred-percent-fullwidth non-hundred-percent-height-scrolling\" style=\"--awb-border-radius-top-left:0px;--awb-border-radius-top-right:0px;--awb-border-radius-bottom-right:0px;--awb-border-radius-bottom-left:0px;--awb-margin-top:80px;--awb-margin-bottom:80px;--awb-background-color:var(--awb-color1);--awb-flex-wrap:wrap;\" ><div class=\"fusion-builder-row fusion-row fusion-flex-align-items-center fusion-flex-content-wrap\" style=\"width:104% !important;max-width:104% !important;margin-left: calc(-4% \/ 2 );margin-right: calc(-4% \/ 2 );\"><div class=\"fusion-layout-column fusion_builder_column fusion-builder-column-6 fusion_builder_column_1_1 1_1 fusion-flex-column\" style=\"--awb-bg-size:cover;--awb-width-large:100%;--awb-margin-top-large:0px;--awb-spacing-right-large:1.92%;--awb-margin-bottom-large:20px;--awb-spacing-left-large:1.92%;--awb-width-medium:100%;--awb-order-medium:0;--awb-spacing-right-medium:1.92%;--awb-spacing-left-medium:1.92%;--awb-width-small:100%;--awb-order-small:0;--awb-spacing-right-small:1.92%;--awb-spacing-left-small:1.92%;\"><div class=\"fusion-column-wrapper fusion-column-has-shadow fusion-flex-justify-content-flex-start fusion-content-layout-column\"><div class=\"fusion-title title fusion-title-6 fusion-sep-none fusion-title-center fusion-title-text fusion-title-size-two\"><h2 class=\"fusion-title-heading title-heading-center fusion-responsive-typography-calculated\" style=\"margin:0;--fontSize:48;line-height:var(--awb-typography1-line-height);\">Wir sind Vertragspartner von<\/h2><\/div><div class=\"fusion-image-element \" style=\"text-align:center;--awb-max-width:400px;--awb-caption-title-font-family:var(--h2_typography-font-family);--awb-caption-title-font-weight:var(--h2_typography-font-weight);--awb-caption-title-font-style:var(--h2_typography-font-style);--awb-caption-title-size:var(--h2_typography-font-size);--awb-caption-title-transform:var(--h2_typography-text-transform);--awb-caption-title-line-height:var(--h2_typography-line-height);--awb-caption-title-letter-spacing:var(--h2_typography-letter-spacing);\"><span class=\" fusion-imageframe imageframe-none imageframe-5 hover-type-none\"><img decoding=\"async\" width=\"667\" height=\"211\" alt=\"sayalvinc-logo\" src=\"https:\/\/cranesystems-zimmermann.de\/wp-content\/uploads\/2024\/06\/sayalvinc-logo_1.jpg\" class=\"img-responsive wp-image-645\" srcset=\"https:\/\/cranesystems-zimmermann.de\/wp-content\/uploads\/2024\/06\/sayalvinc-logo_1-200x63.jpg 200w, https:\/\/cranesystems-zimmermann.de\/wp-content\/uploads\/2024\/06\/sayalvinc-logo_1-400x127.jpg 400w, https:\/\/cranesystems-zimmermann.de\/wp-content\/uploads\/2024\/06\/sayalvinc-logo_1-600x190.jpg 600w, https:\/\/cranesystems-zimmermann.de\/wp-content\/uploads\/2024\/06\/sayalvinc-logo_1.jpg 667w\" sizes=\"(max-width: 640px) 100vw, 667px\" \/><\/span><\/div><\/div><\/div><\/div><\/div>\n<div class=\"fusion-fullwidth fullwidth-box fusion-builder-row-5 fusion-flex-container has-pattern-background has-mask-background nonhundred-percent-fullwidth non-hundred-percent-height-scrolling\" style=\"--awb-border-radius-top-left:0px;--awb-border-radius-top-right:0px;--awb-border-radius-bottom-right:0px;--awb-border-radius-bottom-left:0px;--awb-padding-top:55px;--awb-margin-top:50px;--awb-flex-wrap:wrap;\" ><div class=\"fusion-builder-row fusion-row fusion-flex-align-items-flex-start fusion-flex-justify-content-center fusion-flex-content-wrap\" style=\"max-width:1248px;margin-left: calc(-4% \/ 2 );margin-right: calc(-4% \/ 2 );\"><div class=\"fusion-layout-column fusion_builder_column fusion-builder-column-7 fusion_builder_column_1_1 1_1 fusion-flex-column\" style=\"--awb-padding-top-small:0px;--awb-padding-right-small:0px;--awb-padding-bottom-small:0px;--awb-padding-left-small:0px;--awb-bg-size:cover;--awb-width-large:100%;--awb-margin-top-large:0px;--awb-spacing-right-large:1.92%;--awb-margin-bottom-large:20px;--awb-spacing-left-large:1.92%;--awb-width-medium:100%;--awb-order-medium:0;--awb-spacing-right-medium:1.92%;--awb-spacing-left-medium:1.92%;--awb-width-small:100%;--awb-order-small:0;--awb-spacing-right-small:1.92%;--awb-spacing-left-small:1.92%;\"><div class=\"fusion-column-wrapper fusion-column-has-shadow fusion-flex-justify-content-flex-start fusion-content-layout-column\"><div class=\"fusion-image-element \" style=\"text-align:center;--awb-caption-title-font-family:var(--h2_typography-font-family);--awb-caption-title-font-weight:var(--h2_typography-font-weight);--awb-caption-title-font-style:var(--h2_typography-font-style);--awb-caption-title-size:var(--h2_typography-font-size);--awb-caption-title-transform:var(--h2_typography-text-transform);--awb-caption-title-line-height:var(--h2_typography-line-height);--awb-caption-title-letter-spacing:var(--h2_typography-letter-spacing);\"><span class=\" fusion-imageframe imageframe-none imageframe-6 hover-type-none\"><img decoding=\"async\" width=\"1080\" height=\"810\" title=\"Sayal Vinc\u0327, ihracata devam ediyor.\" src=\"https:\/\/cranesystems-zimmermann.de\/wp-content\/uploads\/2024\/10\/Sayal-Vinc-ihracata-devam-ediyor-1.jpg\" alt class=\"img-responsive wp-image-964\" srcset=\"https:\/\/cranesystems-zimmermann.de\/wp-content\/uploads\/2024\/10\/Sayal-Vinc-ihracata-devam-ediyor-1-200x150.jpg 200w, https:\/\/cranesystems-zimmermann.de\/wp-content\/uploads\/2024\/10\/Sayal-Vinc-ihracata-devam-ediyor-1-400x300.jpg 400w, https:\/\/cranesystems-zimmermann.de\/wp-content\/uploads\/2024\/10\/Sayal-Vinc-ihracata-devam-ediyor-1-600x450.jpg 600w, https:\/\/cranesystems-zimmermann.de\/wp-content\/uploads\/2024\/10\/Sayal-Vinc-ihracata-devam-ediyor-1-800x600.jpg 800w, https:\/\/cranesystems-zimmermann.de\/wp-content\/uploads\/2024\/10\/Sayal-Vinc-ihracata-devam-ediyor-1.jpg 1080w\" sizes=\"(max-width: 640px) 100vw, 1080px\" \/><\/span><\/div><\/div><\/div><\/div><\/div><\/p>\n","protected":false},"excerpt":{"rendered":"","protected":false},"author":3,"featured_media":0,"parent":0,"menu_order":0,"comment_status":"closed","ping_status":"closed","template":"100-width.php","meta":{"footnotes":""},"class_list":["post-238","page","type-page","status-publish","hentry"],"_links":{"self":[{"href":"https:\/\/cranesystems-zimmermann.de\/de\/wp-json\/wp\/v2\/pages\/238","targetHints":{"allow":["GET"]}}],"collection":[{"href":"https:\/\/cranesystems-zimmermann.de\/de\/wp-json\/wp\/v2\/pages"}],"about":[{"href":"https:\/\/cranesystems-zimmermann.de\/de\/wp-json\/wp\/v2\/types\/page"}],"author":[{"embeddable":true,"href":"https:\/\/cranesystems-zimmermann.de\/de\/wp-json\/wp\/v2\/users\/3"}],"replies":[{"embeddable":true,"href":"https:\/\/cranesystems-zimmermann.de\/de\/wp-json\/wp\/v2\/comments?post=238"}],"version-history":[{"count":31,"href":"https:\/\/cranesystems-zimmermann.de\/de\/wp-json\/wp\/v2\/pages\/238\/revisions"}],"predecessor-version":[{"id":1011,"href":"https:\/\/cranesystems-zimmermann.de\/de\/wp-json\/wp\/v2\/pages\/238\/revisions\/1011"}],"wp:attachment":[{"href":"https:\/\/cranesystems-zimmermann.de\/de\/wp-json\/wp\/v2\/media?parent=238"}],"curies":[{"name":"wp","href":"https:\/\/api.w.org\/{rel}","templated":true}]}}