{"id":247,"date":"2024-06-07T21:00:43","date_gmt":"2024-06-07T19:00:43","guid":{"rendered":"https:\/\/cranesystems-zimmermann.de\/?page_id=247"},"modified":"2024-12-18T16:28:27","modified_gmt":"2024-12-18T15:28:27","slug":"einschienenhebezeug","status":"publish","type":"page","link":"https:\/\/cranesystems-zimmermann.de\/de\/produkte\/einschienenhebezeug\/","title":{"rendered":"Einschienenhebezeug"},"content":{"rendered":"<p><div class=\"fusion-fullwidth fullwidth-box fusion-builder-row-1 fusion-flex-container has-pattern-background has-mask-background nonhundred-percent-fullwidth non-hundred-percent-height-scrolling\" style=\"--awb-border-radius-top-left:0px;--awb-border-radius-top-right:0px;--awb-border-radius-bottom-right:0px;--awb-border-radius-bottom-left:0px;--awb-padding-top:0px;--awb-margin-top:0px;--awb-margin-bottom:30px;--awb-flex-wrap:wrap;\" ><div class=\"fusion-builder-row fusion-row fusion-flex-align-items-flex-start fusion-flex-content-wrap\" style=\"max-width:1248px;margin-left: calc(-4% \/ 2 );margin-right: calc(-4% \/ 2 );\"><div class=\"fusion-layout-column fusion_builder_column fusion-builder-column-0 fusion_builder_column_1_1 1_1 fusion-flex-column\" style=\"--awb-bg-size:cover;--awb-width-large:100%;--awb-margin-top-large:0px;--awb-spacing-right-large:1.92%;--awb-margin-bottom-large:20px;--awb-spacing-left-large:1.92%;--awb-width-medium:100%;--awb-order-medium:0;--awb-spacing-right-medium:1.92%;--awb-spacing-left-medium:1.92%;--awb-width-small:100%;--awb-order-small:0;--awb-spacing-right-small:1.92%;--awb-spacing-left-small:1.92%;\"><div class=\"fusion-column-wrapper fusion-column-has-shadow fusion-flex-justify-content-flex-start fusion-content-layout-column\"><nav class=\"fusion-breadcrumbs fusion-breadcrumbs-1\" style=\"--awb-breadcrumb-sep:&#039;\/&#039;;\" aria-label=\"Breadcrumb\"><ol class=\"awb-breadcrumb-list\"><li class=\"fusion-breadcrumb-item\"  aria-hidden=\"true\"><span  class=\"fusion-breadcrumb-prefix\">Sie sind hier:<\/span><\/li><\/ol><\/nav><\/div><\/div><\/div><\/div>\n<div class=\"fusion-fullwidth fullwidth-box fusion-builder-row-2 fusion-flex-container has-pattern-background has-mask-background nonhundred-percent-fullwidth non-hundred-percent-height-scrolling\" style=\"--awb-border-radius-top-left:0px;--awb-border-radius-top-right:0px;--awb-border-radius-bottom-right:0px;--awb-border-radius-bottom-left:0px;--awb-padding-right:160px;--awb-padding-left:160px;--awb-padding-right-small:50px;--awb-padding-left-small:50px;--awb-margin-bottom:40px;--awb-flex-wrap:wrap;\" ><div class=\"fusion-builder-row fusion-row fusion-flex-align-items-flex-start fusion-flex-justify-content-center fusion-flex-content-wrap\" style=\"max-width:1248px;margin-left: calc(-4% \/ 2 );margin-right: calc(-4% \/ 2 );\"><div class=\"fusion-layout-column fusion_builder_column fusion-builder-column-1 fusion_builder_column_2_5 2_5 fusion-flex-column\" style=\"--awb-padding-top:0px;--awb-padding-right:0px;--awb-padding-bottom:0px;--awb-padding-left:0px;--awb-overflow:hidden;--awb-bg-color:var(--awb-color1);--awb-bg-color-hover:var(--awb-color1);--awb-bg-size:cover;--awb-border-radius:15px 15px 15px 15px;--awb-width-large:40%;--awb-margin-top-large:0px;--awb-spacing-right-large:4.8%;--awb-margin-bottom-large:20px;--awb-spacing-left-large:4.8%;--awb-width-medium:40%;--awb-order-medium:0;--awb-spacing-right-medium:4.8%;--awb-spacing-left-medium:4.8%;--awb-width-small:100%;--awb-order-small:0;--awb-spacing-right-small:1.92%;--awb-spacing-left-small:1.92%;\"><div class=\"fusion-column-wrapper fusion-column-has-shadow fusion-flex-justify-content-flex-start fusion-content-layout-column\"><div class=\"fusion-image-element \" style=\"text-align:center;--awb-caption-title-font-family:var(--h2_typography-font-family);--awb-caption-title-font-weight:var(--h2_typography-font-weight);--awb-caption-title-font-style:var(--h2_typography-font-style);--awb-caption-title-size:var(--h2_typography-font-size);--awb-caption-title-transform:var(--h2_typography-text-transform);--awb-caption-title-line-height:var(--h2_typography-line-height);--awb-caption-title-letter-spacing:var(--h2_typography-letter-spacing);\"><span class=\" fusion-imageframe imageframe-none imageframe-1 hover-type-none\"><img decoding=\"async\" width=\"300\" height=\"248\" title=\"IMG_7352\" src=\"https:\/\/cranesystems-zimmermann.de\/wp-content\/uploads\/2024\/10\/IMG_7352-300x248.png\" alt class=\"img-responsive wp-image-958\" srcset=\"https:\/\/cranesystems-zimmermann.de\/wp-content\/uploads\/2024\/10\/IMG_7352-200x165.png 200w, https:\/\/cranesystems-zimmermann.de\/wp-content\/uploads\/2024\/10\/IMG_7352-400x331.png 400w, https:\/\/cranesystems-zimmermann.de\/wp-content\/uploads\/2024\/10\/IMG_7352-600x496.png 600w, https:\/\/cranesystems-zimmermann.de\/wp-content\/uploads\/2024\/10\/IMG_7352-800x662.png 800w, https:\/\/cranesystems-zimmermann.de\/wp-content\/uploads\/2024\/10\/IMG_7352.png 898w\" sizes=\"(max-width: 640px) 100vw, 600px\" \/><\/span><\/div><\/div><\/div><div class=\"fusion-layout-column fusion_builder_column fusion-builder-column-2 fusion_builder_column_3_5 3_5 fusion-flex-column\" style=\"--awb-bg-size:cover;--awb-width-large:60%;--awb-margin-top-large:0px;--awb-spacing-right-large:3.2%;--awb-margin-bottom-large:20px;--awb-spacing-left-large:3.2%;--awb-width-medium:60%;--awb-order-medium:0;--awb-spacing-right-medium:3.2%;--awb-spacing-left-medium:3.2%;--awb-width-small:100%;--awb-order-small:0;--awb-spacing-right-small:1.92%;--awb-spacing-left-small:1.92%;\"><div class=\"fusion-column-wrapper fusion-column-has-shadow fusion-flex-justify-content-flex-start fusion-content-layout-column\"><div class=\"fusion-title title fusion-title-1 fusion-sep-none fusion-title-text fusion-title-size-two\" style=\"--awb-text-color:var(--awb-color5);--awb-font-size:16px;\"><h2 class=\"fusion-title-heading title-heading-left fusion-responsive-typography-calculated\" style=\"margin:0;font-size:1em;--fontSize:16;--minFontSize:16;line-height:var(--awb-typography1-line-height);\"><strong>Elektrischer Seilzug mit Einschienenfahrwerk von 3,2 Tonnen bis 16 Tonnen<\/strong><\/h2><\/div><div class=\"fusion-text fusion-text-1\"><ul>\n<li class=\"p1\">Hebesystem mit deutscher Spitzentechnologie<br \/>\n<span style=\"color: var(--awb-text-color); font-family: var(--awb-text-font-family); font-size: var(--awb-font-size); font-style: var(--awb-text-font-style); font-weight: var(--awb-text-font-weight); letter-spacing: var(--awb-letter-spacing); text-align: var(--awb-content-alignment); text-transform: var(--awb-text-transform); background-color: var(--awb-bg-color-hover);\">Sanftes Heben und Senken mit PLC-Einheiten<\/span><\/li>\n<li class=\"p1\"><span style=\"color: var(--awb-text-color); font-family: var(--awb-text-font-family); font-size: var(--awb-font-size); font-style: var(--awb-text-font-style); font-weight: var(--awb-text-font-weight); letter-spacing: var(--awb-letter-spacing); text-align: var(--awb-content-alignment); text-transform: var(--awb-text-transform); background-color: var(--awb-bg-color-hover);\">Soft-Start-Option, die von der PLC-Einheit verwaltet wird (verhindert <\/span><span style=\"color: var(--awb-text-color); font-family: var(--awb-text-font-family); font-size: var(--awb-font-size); font-style: var(--awb-text-font-style); font-weight: var(--awb-text-font-weight); letter-spacing: var(--awb-letter-spacing); text-align: var(--awb-content-alignment); text-transform: var(--awb-text-transform); background-color: var(--awb-bg-color-hover);\">den Bruch des Motors bei kontinuierlichen Start- und Stopp-Befehlen)<\/span><\/li>\n<li class=\"p1\">Hebebremse mit einer Million Klicks Garantie<\/li>\n<li class=\"p1\">Sanfte Beschleunigung mit Frequenzumrichter<\/li>\n<li class=\"p1\">Lastbegrenzung mit Wiegeeinheit<\/li>\n<li class=\"p1\">Schutzklasse IP65<\/li>\n<li class=\"p1\">Lange Lebensdauer, praktische Installation mit speziell entwickelter Kunststoff-Seilf\u00fchrung und Minimierung von Sch\u00e4den, die durch gebrochene F\u00fchrungsteile f\u00fcr das unter dem Kran arbeitende Personal bestehen<\/li>\n<li class=\"p1\">Gelenkiger Fahrwerkstr\u00e4geranschluss mit dem Kopftr\u00e4ger<\/li>\n<li class=\"p1\">Zweistufiger Endschalter (Start-Stopp) bei Fahrbewegungen der Laufkatze<\/li>\n<li class=\"p1\">Untere Hubbegrenzung mit Drehschalter<\/li>\n<li class=\"p1\">H\u00e4ngesteuerung mit Not-Aus-Taster<\/li>\n<li class=\"p1\">24V-DC-H\u00e4ngesteuerspannung<\/li>\n<li class=\"p1\">Netzteil mit 24V-DC Ausgangskurzschlusssicherheit<\/li>\n<li class=\"p1\">Phasenschutzrelais, PTC- Schutz gegen \u00dcberhitzung des Hubmotors<\/li>\n<li class=\"p1\">\u00dcberstromschutz mit Schutzschaltern und thermischem Magnetschutz<\/li>\n<li class=\"p1\">Optionale Lastanzeige<\/li>\n<li class=\"p1\">Optionaler Antikollisionssensor (bei Anwendungen mit zwei Aufzugsgruppen)<\/li>\n<\/ul>\n<\/div><\/div><\/div><\/div><\/div><div class=\"fusion-fullwidth fullwidth-box fusion-builder-row-3 fusion-flex-container has-pattern-background has-mask-background nonhundred-percent-fullwidth non-hundred-percent-height-scrolling\" style=\"--awb-border-radius-top-left:0px;--awb-border-radius-top-right:0px;--awb-border-radius-bottom-right:0px;--awb-border-radius-bottom-left:0px;--awb-flex-wrap:wrap;\" ><div class=\"fusion-builder-row fusion-row fusion-flex-align-items-center fusion-flex-justify-content-center fusion-flex-content-wrap\" style=\"max-width:1248px;margin-left: calc(-4% \/ 2 );margin-right: calc(-4% \/ 2 );\"><div class=\"fusion-layout-column fusion_builder_column fusion-builder-column-3 fusion_builder_column_1_4 1_4 fusion-flex-column fusion-flex-align-self-stretch\" style=\"--awb-overflow:hidden;--awb-bg-color:var(--awb-color2);--awb-bg-color-hover:var(--awb-color2);--awb-bg-size:cover;--awb-box-shadow:3px 3px 5px 0px rgba(47,50,52,0.25);;--awb-border-color:var(--awb-color6);--awb-border-top:1px;--awb-border-right:1px;--awb-border-bottom:1px;--awb-border-left:1px;--awb-border-style:solid;--awb-border-radius:15px 15px 15px 15px;--awb-width-large:25%;--awb-margin-top-large:0px;--awb-spacing-right-large:7.68%;--awb-margin-bottom-large:20px;--awb-spacing-left-large:7.68%;--awb-width-medium:25%;--awb-order-medium:0;--awb-spacing-right-medium:7.68%;--awb-spacing-left-medium:7.68%;--awb-width-small:50%;--awb-order-small:0;--awb-spacing-right-small:3.84%;--awb-spacing-left-small:3.84%;\"><div class=\"fusion-column-wrapper fusion-column-has-shadow fusion-flex-justify-content-center fusion-content-layout-column\"><div class=\"fusion-title title fusion-title-2 fusion-sep-none fusion-title-center fusion-title-text fusion-title-size-three\" style=\"--awb-font-size:20px;\"><h3 class=\"fusion-title-heading title-heading-center fusion-responsive-typography-calculated\" style=\"margin:0;font-size:1em;--fontSize:20;--minFontSize:20;line-height:var(--awb-typography1-line-height);\"><a href=\"https:\/\/cranesystems-zimmermann.de\/produkte\/einschienenhebezeug\/sy-3-2-mv\/\" class=\"awb-custom-text-color awb-custom-text-hover-color\" target=\"_self\">SY.3.2 MV<\/a><\/h3><\/div><div class=\"fusion-image-element \" style=\"--awb-caption-title-font-family:var(--h2_typography-font-family);--awb-caption-title-font-weight:var(--h2_typography-font-weight);--awb-caption-title-font-style:var(--h2_typography-font-style);--awb-caption-title-size:var(--h2_typography-font-size);--awb-caption-title-transform:var(--h2_typography-text-transform);--awb-caption-title-line-height:var(--h2_typography-line-height);--awb-caption-title-letter-spacing:var(--h2_typography-letter-spacing);\"><span class=\" fusion-imageframe imageframe-none imageframe-2 hover-type-none\"><a class=\"fusion-no-lightbox\" href=\"https:\/\/cranesystems-zimmermann.de\/produkte\/einschienenhebezeug\/sy-3-2-mv\/\" target=\"_self\" aria-label=\"sy.3.2-mv\"><img decoding=\"async\" width=\"600\" height=\"350\" src=\"https:\/\/cranesystems-zimmermann.de\/wp-content\/uploads\/2024\/06\/sy.3.2-mv.jpeg\" alt class=\"img-responsive wp-image-263\" srcset=\"https:\/\/cranesystems-zimmermann.de\/wp-content\/uploads\/2024\/06\/sy.3.2-mv-200x117.jpeg 200w, https:\/\/cranesystems-zimmermann.de\/wp-content\/uploads\/2024\/06\/sy.3.2-mv-400x233.jpeg 400w, https:\/\/cranesystems-zimmermann.de\/wp-content\/uploads\/2024\/06\/sy.3.2-mv.jpeg 600w\" sizes=\"(max-width: 640px) 100vw, 400px\" \/><\/a><\/span><\/div><div style=\"text-align:center;\"><a class=\"fusion-button button-flat button-medium button-default fusion-button-default button-1 fusion-button-span-yes fusion-button-default-type\" target=\"_self\" data-hover=\"icon_slide\" href=\"https:\/\/cranesystems-zimmermann.de\/produkte\/einschienenhebezeug\/sy-3-2-mv\/\"><i class=\"fa-long-arrow-alt-right fas awb-button__icon awb-button__icon--default button-icon-left\" aria-hidden=\"true\"><\/i><span class=\"fusion-button-text awb-button__text awb-button__text--default\">zum Produkt<\/span><\/a><\/div><\/div><\/div><div class=\"fusion-layout-column fusion_builder_column fusion-builder-column-4 fusion_builder_column_1_4 1_4 fusion-flex-column fusion-flex-align-self-stretch\" style=\"--awb-overflow:hidden;--awb-bg-color:var(--awb-color2);--awb-bg-color-hover:var(--awb-color2);--awb-bg-size:cover;--awb-box-shadow:3px 3px 5px 0px rgba(47,50,52,0.25);;--awb-border-color:var(--awb-color6);--awb-border-top:1px;--awb-border-right:1px;--awb-border-bottom:1px;--awb-border-left:1px;--awb-border-style:solid;--awb-border-radius:15px 15px 15px 15px;--awb-width-large:25%;--awb-margin-top-large:0px;--awb-spacing-right-large:7.68%;--awb-margin-bottom-large:20px;--awb-spacing-left-large:7.68%;--awb-width-medium:25%;--awb-order-medium:0;--awb-spacing-right-medium:7.68%;--awb-spacing-left-medium:7.68%;--awb-width-small:50%;--awb-order-small:0;--awb-spacing-right-small:3.84%;--awb-spacing-left-small:3.84%;\"><div class=\"fusion-column-wrapper fusion-column-has-shadow fusion-flex-justify-content-center fusion-content-layout-column\"><div class=\"fusion-title title fusion-title-3 fusion-sep-none fusion-title-center fusion-title-text fusion-title-size-three\" style=\"--awb-font-size:20px;\"><h3 class=\"fusion-title-heading title-heading-center fusion-responsive-typography-calculated\" style=\"margin:0;font-size:1em;--fontSize:20;--minFontSize:20;line-height:var(--awb-typography1-line-height);\"><a href=\"https:\/\/cranesystems-zimmermann.de\/produkte\/einschienenhebezeug\/sy-5-mv\/\" class=\"awb-custom-text-color awb-custom-text-hover-color\" target=\"_self\">SY.5 MV<\/a><\/h3><\/div><div class=\"fusion-image-element \" style=\"--awb-caption-title-font-family:var(--h2_typography-font-family);--awb-caption-title-font-weight:var(--h2_typography-font-weight);--awb-caption-title-font-style:var(--h2_typography-font-style);--awb-caption-title-size:var(--h2_typography-font-size);--awb-caption-title-transform:var(--h2_typography-text-transform);--awb-caption-title-line-height:var(--h2_typography-line-height);--awb-caption-title-letter-spacing:var(--h2_typography-letter-spacing);\"><span class=\" fusion-imageframe imageframe-none imageframe-3 hover-type-none\"><a class=\"fusion-no-lightbox\" href=\"https:\/\/cranesystems-zimmermann.de\/produkte\/einschienenhebezeug\/sy-5-mv\/\" target=\"_self\" aria-label=\"sy.5-mv\"><img decoding=\"async\" width=\"600\" height=\"350\" src=\"https:\/\/cranesystems-zimmermann.de\/wp-content\/uploads\/2024\/06\/sy.5-mv.jpeg\" alt class=\"img-responsive wp-image-264\" srcset=\"https:\/\/cranesystems-zimmermann.de\/wp-content\/uploads\/2024\/06\/sy.5-mv-200x117.jpeg 200w, https:\/\/cranesystems-zimmermann.de\/wp-content\/uploads\/2024\/06\/sy.5-mv-400x233.jpeg 400w, https:\/\/cranesystems-zimmermann.de\/wp-content\/uploads\/2024\/06\/sy.5-mv.jpeg 600w\" sizes=\"(max-width: 640px) 100vw, 400px\" \/><\/a><\/span><\/div><div style=\"text-align:center;\"><a class=\"fusion-button button-flat button-medium button-default fusion-button-default button-2 fusion-button-span-yes fusion-button-default-type\" target=\"_self\" data-hover=\"icon_slide\" href=\"https:\/\/cranesystems-zimmermann.de\/produkte\/einschienenhebezeug\/sy-5-mv\/\"><i class=\"fa-long-arrow-alt-right fas awb-button__icon awb-button__icon--default button-icon-left\" aria-hidden=\"true\"><\/i><span class=\"fusion-button-text awb-button__text awb-button__text--default\">zum Produkt<\/span><\/a><\/div><\/div><\/div><div class=\"fusion-layout-column fusion_builder_column fusion-builder-column-5 fusion_builder_column_1_4 1_4 fusion-flex-column fusion-flex-align-self-stretch\" style=\"--awb-overflow:hidden;--awb-bg-color:var(--awb-color2);--awb-bg-color-hover:var(--awb-color2);--awb-bg-size:cover;--awb-box-shadow:3px 3px 5px 0px rgba(47,50,52,0.25);;--awb-border-color:var(--awb-color6);--awb-border-top:1px;--awb-border-right:1px;--awb-border-bottom:1px;--awb-border-left:1px;--awb-border-style:solid;--awb-border-radius:15px 15px 15px 15px;--awb-width-large:25%;--awb-margin-top-large:0px;--awb-spacing-right-large:7.68%;--awb-margin-bottom-large:20px;--awb-spacing-left-large:7.68%;--awb-width-medium:25%;--awb-order-medium:0;--awb-spacing-right-medium:7.68%;--awb-spacing-left-medium:7.68%;--awb-width-small:50%;--awb-order-small:0;--awb-spacing-right-small:3.84%;--awb-spacing-left-small:3.84%;\"><div class=\"fusion-column-wrapper fusion-column-has-shadow fusion-flex-justify-content-center fusion-content-layout-column\"><div class=\"fusion-title title fusion-title-4 fusion-sep-none fusion-title-center fusion-title-text fusion-title-size-three\" style=\"--awb-font-size:20px;\"><h3 class=\"fusion-title-heading title-heading-center fusion-responsive-typography-calculated\" style=\"margin:0;font-size:1em;--fontSize:20;--minFontSize:20;line-height:var(--awb-typography1-line-height);\"><a href=\"https:\/\/cranesystems-zimmermann.de\/produkte\/einschienenhebezeug\/sy-6-3-mv\/\" class=\"awb-custom-text-color awb-custom-text-hover-color\" target=\"_self\">SY.6.3 MV<\/a><\/h3><\/div><div class=\"fusion-image-element \" style=\"--awb-caption-title-font-family:var(--h2_typography-font-family);--awb-caption-title-font-weight:var(--h2_typography-font-weight);--awb-caption-title-font-style:var(--h2_typography-font-style);--awb-caption-title-size:var(--h2_typography-font-size);--awb-caption-title-transform:var(--h2_typography-text-transform);--awb-caption-title-line-height:var(--h2_typography-line-height);--awb-caption-title-letter-spacing:var(--h2_typography-letter-spacing);\"><span class=\" fusion-imageframe imageframe-none imageframe-4 hover-type-none\"><a class=\"fusion-no-lightbox\" href=\"https:\/\/cranesystems-zimmermann.de\/produkte\/einschienenhebezeug\/sy-6-3-mv\/\" target=\"_self\" aria-label=\"sy.6.3-mv\"><img decoding=\"async\" width=\"600\" height=\"350\" src=\"https:\/\/cranesystems-zimmermann.de\/wp-content\/uploads\/2024\/06\/sy.6.3-mv.jpeg\" alt class=\"img-responsive wp-image-265\" srcset=\"https:\/\/cranesystems-zimmermann.de\/wp-content\/uploads\/2024\/06\/sy.6.3-mv-200x117.jpeg 200w, https:\/\/cranesystems-zimmermann.de\/wp-content\/uploads\/2024\/06\/sy.6.3-mv-400x233.jpeg 400w, https:\/\/cranesystems-zimmermann.de\/wp-content\/uploads\/2024\/06\/sy.6.3-mv.jpeg 600w\" sizes=\"(max-width: 640px) 100vw, 400px\" \/><\/a><\/span><\/div><div style=\"text-align:center;\"><a class=\"fusion-button button-flat button-medium button-default fusion-button-default button-3 fusion-button-span-yes fusion-button-default-type\" target=\"_self\" data-hover=\"icon_slide\" href=\"https:\/\/cranesystems-zimmermann.de\/produkte\/einschienenhebezeug\/sy-6-3-mv\/\"><i class=\"fa-long-arrow-alt-right fas awb-button__icon awb-button__icon--default button-icon-left\" aria-hidden=\"true\"><\/i><span class=\"fusion-button-text awb-button__text awb-button__text--default\">zum Produkt<\/span><\/a><\/div><\/div><\/div><div class=\"fusion-layout-column fusion_builder_column fusion-builder-column-6 fusion_builder_column_1_4 1_4 fusion-flex-column fusion-flex-align-self-stretch\" style=\"--awb-overflow:hidden;--awb-bg-color:var(--awb-color2);--awb-bg-color-hover:var(--awb-color2);--awb-bg-size:cover;--awb-box-shadow:3px 3px 5px 0px rgba(47,50,52,0.25);;--awb-border-color:var(--awb-color6);--awb-border-top:1px;--awb-border-right:1px;--awb-border-bottom:1px;--awb-border-left:1px;--awb-border-style:solid;--awb-border-radius:15px 15px 15px 15px;--awb-width-large:25%;--awb-margin-top-large:0px;--awb-spacing-right-large:7.68%;--awb-margin-bottom-large:20px;--awb-spacing-left-large:7.68%;--awb-width-medium:25%;--awb-order-medium:0;--awb-spacing-right-medium:7.68%;--awb-spacing-left-medium:7.68%;--awb-width-small:50%;--awb-order-small:0;--awb-spacing-right-small:3.84%;--awb-spacing-left-small:3.84%;\"><div class=\"fusion-column-wrapper fusion-column-has-shadow fusion-flex-justify-content-center fusion-content-layout-column\"><div class=\"fusion-title title fusion-title-5 fusion-sep-none fusion-title-center fusion-title-text fusion-title-size-three\" style=\"--awb-font-size:20px;\"><h3 class=\"fusion-title-heading title-heading-center fusion-responsive-typography-calculated\" style=\"margin:0;font-size:1em;--fontSize:20;--minFontSize:20;line-height:var(--awb-typography1-line-height);\"><a href=\"https:\/\/cranesystems-zimmermann.de\/produkte\/einschienenhebezeug\/sy-10-mv\/\" class=\"awb-custom-text-color awb-custom-text-hover-color\" target=\"_self\">SY.10 MV<\/a><\/h3><\/div><div class=\"fusion-image-element \" style=\"--awb-caption-title-font-family:var(--h2_typography-font-family);--awb-caption-title-font-weight:var(--h2_typography-font-weight);--awb-caption-title-font-style:var(--h2_typography-font-style);--awb-caption-title-size:var(--h2_typography-font-size);--awb-caption-title-transform:var(--h2_typography-text-transform);--awb-caption-title-line-height:var(--h2_typography-line-height);--awb-caption-title-letter-spacing:var(--h2_typography-letter-spacing);\"><span class=\" fusion-imageframe imageframe-none imageframe-5 hover-type-none\"><a class=\"fusion-no-lightbox\" href=\"https:\/\/cranesystems-zimmermann.de\/produkte\/einschienenhebezeug\/sy-10-mv\/\" target=\"_self\" aria-label=\"sy.10-mv\"><img decoding=\"async\" width=\"600\" height=\"350\" src=\"https:\/\/cranesystems-zimmermann.de\/wp-content\/uploads\/2024\/06\/sy.10-mv.jpeg\" alt class=\"img-responsive wp-image-266\" srcset=\"https:\/\/cranesystems-zimmermann.de\/wp-content\/uploads\/2024\/06\/sy.10-mv-200x117.jpeg 200w, https:\/\/cranesystems-zimmermann.de\/wp-content\/uploads\/2024\/06\/sy.10-mv-400x233.jpeg 400w, https:\/\/cranesystems-zimmermann.de\/wp-content\/uploads\/2024\/06\/sy.10-mv.jpeg 600w\" sizes=\"(max-width: 640px) 100vw, 400px\" \/><\/a><\/span><\/div><div style=\"text-align:center;\"><a class=\"fusion-button button-flat button-medium button-default fusion-button-default button-4 fusion-button-span-yes fusion-button-default-type\" target=\"_self\" data-hover=\"icon_slide\" href=\"https:\/\/cranesystems-zimmermann.de\/produkte\/einschienenhebezeug\/sy-10-mv\/\"><i class=\"fa-long-arrow-alt-right fas awb-button__icon awb-button__icon--default button-icon-left\" aria-hidden=\"true\"><\/i><span class=\"fusion-button-text awb-button__text awb-button__text--default\">zum Produkt<\/span><\/a><\/div><\/div><\/div><\/div><\/div>\n<div class=\"fusion-fullwidth fullwidth-box fusion-builder-row-4 fusion-flex-container has-pattern-background has-mask-background fusion-parallax-none nonhundred-percent-fullwidth non-hundred-percent-height-scrolling\" style=\"--awb-border-radius-top-left:0px;--awb-border-radius-top-right:0px;--awb-border-radius-bottom-right:0px;--awb-border-radius-bottom-left:0px;--awb-margin-top:120px;--awb-background-image:url(&quot;https:\/\/cranesystems-zimmermann.de\/wp-content\/uploads\/2024\/05\/Startseite.jpeg&quot;);--awb-background-size:cover;--awb-flex-wrap:wrap;\" ><div class=\"fusion-builder-row fusion-row fusion-flex-align-items-flex-start fusion-flex-justify-content-center fusion-flex-content-wrap\" style=\"max-width:1248px;margin-left: calc(-4% \/ 2 );margin-right: calc(-4% \/ 2 );\"><div class=\"fusion-layout-column fusion_builder_column fusion-builder-column-7 fusion_builder_column_1_2 1_2 fusion-flex-column\" style=\"--awb-padding-top:20px;--awb-padding-right:20px;--awb-padding-bottom:20px;--awb-padding-left:20px;--awb-bg-color:var(--awb-color1);--awb-bg-color-hover:var(--awb-color1);--awb-bg-size:cover;--awb-width-large:50%;--awb-margin-top-large:80px;--awb-spacing-right-large:3.84%;--awb-margin-bottom-large:80px;--awb-spacing-left-large:3.84%;--awb-width-medium:50%;--awb-order-medium:0;--awb-spacing-right-medium:3.84%;--awb-spacing-left-medium:3.84%;--awb-width-small:100%;--awb-order-small:0;--awb-spacing-right-small:1.92%;--awb-spacing-left-small:1.92%;\"><div class=\"fusion-column-wrapper fusion-column-has-shadow fusion-flex-justify-content-flex-start fusion-content-layout-column\"><div class=\"fusion-title title fusion-title-6 fusion-sep-none fusion-title-text fusion-title-size-four\"><h4 class=\"fusion-title-heading title-heading-left fusion-responsive-typography-calculated\" style=\"margin:0;--fontSize:24;line-height:var(--awb-typography1-line-height);\">Produktinfo:<\/h4><\/div><div class=\"fusion-text fusion-text-2\"><div class=\"page\" title=\"Page 4\">\n<div class=\"layoutArea\">\n<div class=\"column\">\n<p>Unsere Produkte sind zertifiziert und erfu\u0308llen alle Normen der EU, so wie z.B. die Maschinenrichtlinie 2006\/42\/EG.<br \/>\nWir erreichen eine gleichbleibend hohe Qualita\u0308t und eine stetige Weiterentwicklung unserer Produkte durch die konsequente Umsetzung der Vorgaben aus der ISO 9001:2015<\/p>\n<\/div>\n<\/div>\n<\/div>\n<\/div><\/div><\/div><\/div><\/div>\n<\/p>\n","protected":false},"excerpt":{"rendered":"","protected":false},"author":2,"featured_media":0,"parent":238,"menu_order":0,"comment_status":"closed","ping_status":"closed","template":"100-width.php","meta":{"footnotes":""},"class_list":["post-247","page","type-page","status-publish","hentry"],"_links":{"self":[{"href":"https:\/\/cranesystems-zimmermann.de\/de\/wp-json\/wp\/v2\/pages\/247","targetHints":{"allow":["GET"]}}],"collection":[{"href":"https:\/\/cranesystems-zimmermann.de\/de\/wp-json\/wp\/v2\/pages"}],"about":[{"href":"https:\/\/cranesystems-zimmermann.de\/de\/wp-json\/wp\/v2\/types\/page"}],"author":[{"embeddable":true,"href":"https:\/\/cranesystems-zimmermann.de\/de\/wp-json\/wp\/v2\/users\/2"}],"replies":[{"embeddable":true,"href":"https:\/\/cranesystems-zimmermann.de\/de\/wp-json\/wp\/v2\/comments?post=247"}],"version-history":[{"count":30,"href":"https:\/\/cranesystems-zimmermann.de\/de\/wp-json\/wp\/v2\/pages\/247\/revisions"}],"predecessor-version":[{"id":1015,"href":"https:\/\/cranesystems-zimmermann.de\/de\/wp-json\/wp\/v2\/pages\/247\/revisions\/1015"}],"up":[{"embeddable":true,"href":"https:\/\/cranesystems-zimmermann.de\/de\/wp-json\/wp\/v2\/pages\/238"}],"wp:attachment":[{"href":"https:\/\/cranesystems-zimmermann.de\/de\/wp-json\/wp\/v2\/media?parent=247"}],"curies":[{"name":"wp","href":"https:\/\/api.w.org\/{rel}","templated":true}]}}